{"id":693,"date":"2021-11-12T12:52:04","date_gmt":"2021-11-12T11:52:04","guid":{"rendered":"http:\/\/riseofthewhitesun.com\/?page_id=693"},"modified":"2021-11-12T17:17:32","modified_gmt":"2021-11-12T16:17:32","slug":"bibliography","status":"publish","type":"page","link":"https:\/\/riseofthewhitesun.com\/index.php\/bibliography\/","title":{"rendered":"Bibliography"},"content":{"rendered":"\n<p>The sources below have been used by the Rise of the White Sun team as historical documentation. <\/p>\n\n\n\n<p><b style=\"color:blue;\">V<\/b>: Le Visiteur&rsquo;s choice<br><b style=\"color:red;\">MC<\/b>: Maestro Cinetik&rsquo;s choice<\/p>\n\n\n\n<p><\/p>\n\n\n\n<h2 class=\"wp-block-heading\">In English<\/h2>\n\n\n\n<hr class=\"wp-block-separator\"\/>\n\n\n\n<h4 class=\"wp-block-heading\"><em>Military operations<\/em><\/h4>\n\n\n\n<p><b><a target=\"_blank\" href=\"https:\/\/www.amazon.fr\/gp\/product\/0521136296\/ref=as_li_tl?ie=UTF8&amp;camp=1642&amp;creative=6746&amp;creativeASIN=0521136296&amp;linkCode=as2&amp;tag=wwwninjentrep-21&amp;linkId=cae17720ad96b2ed6f2ef565366ccc0a\" rel=\"noopener\">Warlord Soldiers: Chinese Common Soldiers 1911\u20131937<\/a><\/b> Lary, D. Cambridge University Press <b style=\"color:blue;\">V<\/b><br><\/p>\n\n\n\n<a target=\"_blank\" href=\"https:\/\/www.amazon.fr\/gp\/product\/0521136296\/ref=as_li_tl?ie=UTF8&amp;camp=1642&amp;creative=6746&amp;creativeASIN=0521136296&amp;linkCode=as2&amp;tag=wwwninjentrep-21&amp;linkId=9bb6c2526d963dfa5c9e27c2ce554a3c\" rel=\"noopener\"><img decoding=\"async\" src=\"\/\/ws-eu.amazon-adsystem.com\/widgets\/q?_encoding=UTF8&amp;MarketPlace=FR&amp;ASIN=0521136296&amp;ServiceVersion=20070822&amp;ID=AsinImage&amp;WS=1&amp;Format=_SL250_&amp;tag=wwwninjentrep-21\" border=\"0\"><\/a><br>\n\n\n\n<p><b><a target=\"_blank\" href=\"https:\/\/www.amazon.fr\/gp\/product\/0764343459\/ref=as_li_tl?ie=UTF8&amp;camp=1642&amp;creative=6746&amp;creativeASIN=0764343459&amp;linkCode=as2&amp;tag=wwwninjentrep-21&amp;linkId=96e0f2ae8f85c79ee3e7097f05a3432c\" rel=\"noopener\">The Armies of Warlord China 1911-1928<\/a><\/b> Jowett, P. (2013). Schiffer Publishing Ltd  <b style=\"color:blue;\">V<\/b> <br><\/p>\n\n\n\n<a target=\"_blank\" href=\"https:\/\/www.amazon.fr\/gp\/product\/0764343459\/ref=as_li_tl?ie=UTF8&amp;camp=1642&amp;creative=6746&amp;creativeASIN=0764343459&amp;linkCode=as2&amp;tag=wwwninjentrep-21&amp;linkId=e01b8b59f9cb3b144e13c0b55e7e1041\" rel=\"noopener\"><img decoding=\"async\" src=\"\/\/ws-eu.amazon-adsystem.com\/widgets\/q?_encoding=UTF8&amp;MarketPlace=FR&amp;ASIN=0764343459&amp;ServiceVersion=20070822&amp;ID=AsinImage&amp;WS=1&amp;Format=_SL250_&amp;tag=wwwninjentrep-21\" border=\"0\"><\/a><br>\n\n\n\n<p><b><a target=\"_blank\" href=\"https:\/\/www.amazon.fr\/gp\/product\/0774819901\/ref=as_li_tl?ie=UTF8&amp;camp=1642&amp;creative=6746&amp;creativeASIN=0774819901&amp;linkCode=as2&amp;tag=wwwninjentrep-21&amp;linkId=d09e41dd05cb1a051a44b5c01e843b06\" rel=\"noopener\">Arming the Chinese: The Western Armaments Trade in Warlord China, 1920-1928<\/a><\/b> Chan, A. (2010) (2nd ed.). UBC Press  <b style=\"color:blue;\">V<\/b> <\/p>\n\n\n\n<p><\/p>\n\n\n\n<a target=\"_blank\" href=\"https:\/\/www.amazon.fr\/gp\/product\/0774819901\/ref=as_li_tl?ie=UTF8&amp;camp=1642&amp;creative=6746&amp;creativeASIN=0774819901&amp;linkCode=as2&amp;tag=wwwninjentrep-21&amp;linkId=f7ad76098ebfdf42e642a8108adc06a0\" rel=\"noopener\"><img decoding=\"async\" src=\"\/\/ws-eu.amazon-adsystem.com\/widgets\/q?_encoding=UTF8&amp;MarketPlace=FR&amp;ASIN=0774819901&amp;ServiceVersion=20070822&amp;ID=AsinImage&amp;WS=1&amp;Format=_SL250_&amp;tag=wwwninjentrep-21\" border=\"0\"><\/a><br>\n\n\n\n<p><b><a target=\"_blank\" href=\"https:\/\/www.amazon.fr\/gp\/product\/B01BY3ACHM\/ref=as_li_tl?ie=UTF8&amp;camp=1642&amp;creative=6746&amp;creativeASIN=B01BY3ACHM&amp;linkCode=as2&amp;tag=wwwninjentrep-21&amp;linkId=ca43c8c17a7e090dd3e0d560086656e1\" rel=\"noopener\">China\u2019s Wars: Rousing the Dragon 1894-1949 (English Edition)<\/a><\/b> Jowett, P. (2013). Osprey Publishing<br><\/p>\n\n\n\n<a target=\"_blank\" href=\"https:\/\/www.amazon.fr\/gp\/product\/B01BY3ACHM\/ref=as_li_tl?ie=UTF8&amp;camp=1642&amp;creative=6746&amp;creativeASIN=B01BY3ACHM&amp;linkCode=as2&amp;tag=wwwninjentrep-21&amp;linkId=11ae0fcbc98f11d722fadb08e34112a5\" rel=\"noopener\"><img decoding=\"async\" src=\"\/\/ws-eu.amazon-adsystem.com\/widgets\/q?_encoding=UTF8&amp;MarketPlace=FR&amp;ASIN=B01BY3ACHM&amp;ServiceVersion=20070822&amp;ID=AsinImage&amp;WS=1&amp;Format=_SL250_&amp;tag=wwwninjentrep-21\" border=\"0\"><\/a><br>\n\n\n\n<p><b><a href=\"https:\/\/scholarspace.manoa.hawaii.edu\/handle\/10125\/62914\">The Northern Expedition: China&rsquo;s National Revolution of 1926\u20131928<\/a><\/b> Jordan, D. A. (1976). Honolulu: University of Hawaii Press <b style=\"color:red;\">MC<\/b><br><\/p>\n\n\n\n<hr class=\"wp-block-separator\"\/>\n\n\n\n<h4 class=\"wp-block-heading\"><em>Political ideas<\/em><\/h4>\n\n\n\n<p><b><a href=\"https:\/\/www.semanticscholar.org\/paper\/British-opinion-and-policy-towards-China%2C-1922-1927-Chow\/20fddb7a25dc88242be818d1d721f6fc119c1d01\">British Opinion and Policy towards China, 1922-1927<\/a><\/b> Chow, P. (2011) . DPhil thesis, LSE<br><\/p>\n\n\n\n<p><b><a href=\"https:\/\/ora.ox.ac.uk\/objects\/uuid:f3043cc5-f8fa-4783-a7a1-f49f2261e7ce\">Finding the Way: Guomindang Discourse, Confucius, and the Challenges of Revolutionary Traditionalism in China, 1919\u20131934.<\/a><\/b> Bowles, D. (2016). Merton College, DPhil Oriental Studies, Trinity.<br><\/p>\n\n\n\n<p><b><a target=\"_blank\" href=\"https:\/\/www.amazon.fr\/gp\/product\/0824823613\/ref=as_li_tl?ie=UTF8&amp;camp=1642&amp;creative=6746&amp;creativeASIN=0824823613&amp;linkCode=as2&amp;tag=wwwninjentrep-21&amp;linkId=6d76cd1c4aca04fade8b3c1272dbd308\" rel=\"noopener\">Opium, State, and Society: China&rsquo;s Narco-Economy and the Guomindang, 1924-1937<\/a><\/b>Slack, E. (2001). Univ. of Hawai&rsquo;i Press  <b style=\"color:blue;\">V<\/b> <br><\/p>\n\n\n\n<hr class=\"wp-block-separator\"\/>\n\n\n\n<h4 class=\"wp-block-heading\"><em>Workers and Unions, Shanghai and Hong Kong<\/em><\/h4>\n\n\n\n<p><b><a href=\"http:\/\/www.jstor.org\/stable\/41828226\">Shipping Strike in Hongkong. Monthly Labor Review, 14(5), 9\u201315<\/a><\/b>. Chen, T. (1922)<br><\/p>\n\n\n\n<p><b><a target=\"_blank\" href=\"https:\/\/www.amazon.fr\/gp\/product\/B079J54X3V\/ref=as_li_tl?ie=UTF8&amp;camp=1642&amp;creative=6746&amp;creativeASIN=B079J54X3V&amp;linkCode=as2&amp;tag=wwwninjentrep-21&amp;linkId=71a17b114c9adf67414dc5bce0856f9c\" rel=\"noopener\">A Road Is Made: Communism in Shanghai 1920-1927 (Chinese Worlds) (English Edition)<\/a><\/b>. Smith, S. (2000). University of Hawaii Press (see below for link to the french version) <b style=\"color:red;\">MC<\/b><br><\/p>\n\n\n\n<p><b><a target=\"_blank\" href=\"https:\/\/www.amazon.fr\/gp\/product\/B003AU4RJM\/ref=as_li_tl?ie=UTF8&amp;camp=1642&amp;creative=6746&amp;creativeASIN=B003AU4RJM&amp;linkCode=as2&amp;tag=wwwninjentrep-21&amp;linkId=4016fee681c36f41ea2332704abc085b\" rel=\"noopener\">Policing Shanghai, 1927-1937 (Philip E.Lilienthal Books) (English Edition)<\/a><\/b>. Philip E. (1996). Lilienthal Books <b style=\"color:red;\">MC<\/b><br><\/p>\n\n\n\n<a target=\"_blank\" href=\"https:\/\/www.amazon.fr\/gp\/product\/B003AU4RJM\/ref=as_li_tl?ie=UTF8&amp;camp=1642&amp;creative=6746&amp;creativeASIN=B003AU4RJM&amp;linkCode=as2&amp;tag=wwwninjentrep-21&amp;linkId=85396bdf86349ce03b66496b640590fe\" rel=\"noopener\"><img decoding=\"async\" src=\"\/\/ws-eu.amazon-adsystem.com\/widgets\/q?_encoding=UTF8&amp;MarketPlace=FR&amp;ASIN=B003AU4RJM&amp;ServiceVersion=20070822&amp;ID=AsinImage&amp;WS=1&amp;Format=_SL250_&amp;tag=wwwninjentrep-21\" border=\"0\"><\/a><br>\n\n\n\n<hr class=\"wp-block-separator\"\/>\n\n\n\n<h4 class=\"wp-block-heading\"><em>Crime in Shanghai<\/em><\/h4>\n\n\n\n<p><b><a target=\"_blank\" href=\"https:\/\/www.amazon.fr\/gp\/product\/0520201140\/ref=as_li_tl?ie=UTF8&amp;camp=1642&amp;creative=6746&amp;creativeASIN=0520201140&amp;linkCode=as2&amp;tag=wwwninjentrep-21&amp;linkId=71b560d3d13434ed6689b6b686bd272c\" rel=\"noopener\">The Shanghai Green Gang \u2013 Politics &amp; Organized Crime 1919\u20131937<\/a><\/b>. Martin, B. (1996) <b style=\"color:blue;\">V<\/b><br><\/p>\n\n\n\n<a target=\"_blank\" href=\"https:\/\/www.amazon.fr\/gp\/product\/0520201140\/ref=as_li_tl?ie=UTF8&amp;camp=1642&amp;creative=6746&amp;creativeASIN=0520201140&amp;linkCode=as2&amp;tag=wwwninjentrep-21&amp;linkId=c80c789132565ec776c2ed9d864b6758\" rel=\"noopener\"><img decoding=\"async\" src=\"\/\/ws-eu.amazon-adsystem.com\/widgets\/q?_encoding=UTF8&amp;MarketPlace=FR&amp;ASIN=0520201140&amp;ServiceVersion=20070822&amp;ID=AsinImage&amp;WS=1&amp;Format=_SL250_&amp;tag=wwwninjentrep-21\" border=\"0\"><\/a><br>\n\n\n\n<hr class=\"wp-block-separator\"\/>\n\n\n\n<h4 class=\"wp-block-heading\"><em>Portraits and biographies<\/em><\/h4>\n\n\n\n<p><b><a href=\"https:\/\/www.cambridge.org\/core\/journals\/journal-of-asian-studies\/article\/abs\/portrait-of-a-warlord-yen-hsishan-in-shansi-province-19111930\/86C7070CB24D570A980957C4254407BB\">Portrait of a Warlord. Yen Hsi-Shan in Shansi Province<\/a><\/b>. Gillin, D. (1967). Princeton University Press<br><\/p>\n\n\n\n<p><b><a target=\"_blank\" href=\"https:\/\/www.amazon.fr\/gp\/product\/0674060490\/ref=as_li_tl?ie=UTF8&amp;camp=1642&amp;creative=6746&amp;creativeASIN=0674060490&amp;linkCode=as2&amp;tag=wwwninjentrep-21&amp;linkId=4cf1fc34ea345e7c6305e9d9637bd04b\" rel=\"noopener\">The Generalissimo \u2013 Chiang Kai\u2013shek and the Struggle for Modern China<\/a><\/b>. Taylor, J. (2011) Belknap Press of Harvard University Press<br><\/p>\n\n\n\n<p><b><a target=\"_blank\" href=\"https:\/\/www.amazon.fr\/gp\/product\/9814779075\/ref=as_li_tl?ie=UTF8&amp;camp=1642&amp;creative=6746&amp;creativeASIN=9814779075&amp;linkCode=as2&amp;tag=wwwninjentrep-21&amp;linkId=a5d4ece2383e773946c8a9a451529170\" rel=\"noopener\">The Unfinished Revolution: Sun Yat-Sen and the Struggle for Modern China<\/a><\/b>. Tjio, K. (2017). Marshall Cavendish Editions.<br><\/p>\n\n\n\n<h2 class=\"wp-block-heading\">En Fran\u00e7ais<\/h2>\n\n\n\n<p><b><a target=\"_blank\" href=\"https:\/\/www.amazon.fr\/gp\/product\/B07S6TML87\/ref=as_li_tl?ie=UTF8&amp;camp=1642&amp;creative=6746&amp;creativeASIN=B07S6TML87&amp;linkCode=as2&amp;tag=wwwninjentrep-21&amp;linkId=6ad8a772346d9b890c980953eda8cf72\" rel=\"noopener\">La France en Chine de Sun Yat-sen \u00e0 Mao Zedong, 1918-1953 (Histoire)<\/a><\/b>. Bensacq-Tixier, N. (2014). Presses Univ. de Rennes.<br><\/p>\n\n\n\n<p><b><a target=\"_blank\" href=\"https:\/\/www.amazon.fr\/gp\/product\/2213031908\/ref=as_li_tl?ie=UTF8&amp;camp=1642&amp;creative=6746&amp;creativeASIN=2213031908&amp;linkCode=as2&amp;tag=wwwninjentrep-21&amp;linkId=2e727e18d839bbaed994cbaa039bc853\" rel=\"noopener\">Sun Yat-Sen<\/a><\/b>. Berge\u0300re, M. (1994). Fayard<br><\/p>\n\n\n\n<p><b><a target=\"_blank\" href=\"https:\/\/www.amazon.fr\/gp\/product\/B000LECOZO\/ref=as_li_tl?ie=UTF8&amp;camp=1642&amp;creative=6746&amp;creativeASIN=B000LECOZO&amp;linkCode=as2&amp;tag=wwwninjentrep-21&amp;linkId=65cb142d145bb25f431a71e99260e787\" rel=\"noopener\">Les Origines de la r\u00e9volution chinoise (1915-1949)<\/a><\/b>. Bianco, L. (2007).<br><\/p>\n\n\n\n<p><b><a href=\"https:\/\/doi.org\/10.3406\/etchi.1998.1270\">Le Guomindang et ses relais dans la soci\u00e9t\u00e9 shangha\u00efenne en 1923<\/a><\/b>. Galy, L. (1998). \u00c9tudes Chinoises, 17(1), 233-294.<br><\/p>\n\n\n\n<p><b><a href=\"https:\/\/doi.org\/10.3917\/ving.095.0193\">La lutte contre l&rsquo;opium: Panac\u00e9e politique pour le Guomindang ?<\/a><\/b>. Paul\u00e8s, X. (2007). Vingti\u00e8me Si\u00e8cle. Revue d&rsquo;histoire, 95, 193-217<br><\/p>\n\n\n\n<p><b><a target=\"_blank\" href=\"https:\/\/www.amazon.fr\/gp\/product\/2713210224\/ref=as_li_tl?ie=UTF8&amp;camp=1642&amp;creative=6746&amp;creativeASIN=2713210224&amp;linkCode=as2&amp;tag=wwwninjentrep-21&amp;linkId=58289c5aa99c3fc56a3cf91b9070a13b\" rel=\"noopener\">Gr\u00e8ves et politique \u00e0 Shanghai : les d\u00e9sillusions, 1927-1932<\/a><\/b>. Roux, A. (1995). Editions de l&rsquo;\u00e9cole des hautes \u00e9tudes en sciences sociales-Paris <b style=\"color:red;\">MC<\/b><br><\/p>\n\n\n\n<p><b><a target=\"_blank\" href=\"https:\/\/www.amazon.fr\/gp\/product\/2913112641\/ref=as_li_tl?ie=UTF8&amp;camp=1642&amp;creative=6746&amp;creativeASIN=2913112641&amp;linkCode=as2&amp;tag=wwwninjentrep-21&amp;linkId=3b849ccca705db60ca2e9977a4af1fc7\" rel=\"noopener\">Et la voie fut trac\u00e9e &#8230;<\/a><\/b> Smith, S. A. (2019). Les nuits rouges.<b style=\"color:red;\">MC<\/b><br><\/p>\n","protected":false},"excerpt":{"rendered":"<p>The sources below have been used by the Rise of the White Sun team as historical documentation. V: Le Visiteur&rsquo;s choiceMC: Maestro Cinetik&rsquo;s choice In English Military operations Warlord Soldiers: Chinese Common Soldiers 1911\u20131937 Lary, D. Cambridge University Press V The Armies of Warlord China 1911-1928 Jowett, P. (2013). Schiffer Publishing Ltd V Arming the [&hellip;]<\/p>\n","protected":false},"author":1,"featured_media":159,"parent":0,"menu_order":0,"comment_status":"closed","ping_status":"closed","template":"","meta":{"footnotes":""},"yoast_head":"<!-- This site is optimized with the Yoast SEO plugin v21.8.1 - https:\/\/yoast.com\/wordpress\/plugins\/seo\/ -->\n<title>Bibliography - Rise of the White Sun<\/title>\n<meta name=\"description\" content=\"Bibliography of the Northern Expedition, Warlords China, KMT and Communist Revolutions.\" \/>\n<meta name=\"robots\" content=\"index, follow, max-snippet:-1, max-image-preview:large, max-video-preview:-1\" \/>\n<link rel=\"canonical\" href=\"https:\/\/riseofthewhitesun.com\/index.php\/bibliography\/\" \/>\n<meta property=\"og:locale\" content=\"fr_FR\" \/>\n<meta property=\"og:type\" content=\"article\" \/>\n<meta property=\"og:title\" content=\"Bibliography - Rise of the White Sun\" \/>\n<meta property=\"og:description\" content=\"Bibliography of the Northern Expedition, Warlords China, KMT and Communist Revolutions.\" \/>\n<meta property=\"og:url\" content=\"https:\/\/riseofthewhitesun.com\/index.php\/bibliography\/\" \/>\n<meta property=\"og:site_name\" content=\"Rise of the White Sun\" \/>\n<meta property=\"article:modified_time\" content=\"2021-11-12T16:17:32+00:00\" \/>\n<meta property=\"og:image\" content=\"https:\/\/riseofthewhitesun.com\/wp-content\/uploads\/2019\/12\/start-menu-Copie.png\" \/>\n\t<meta property=\"og:image:width\" content=\"1918\" \/>\n\t<meta property=\"og:image:height\" content=\"834\" \/>\n\t<meta property=\"og:image:type\" content=\"image\/png\" \/>\n<meta name=\"twitter:card\" content=\"summary_large_image\" \/>\n<meta name=\"twitter:label1\" content=\"Dur\u00e9e de lecture estim\u00e9e\" \/>\n\t<meta name=\"twitter:data1\" content=\"3 minutes\" \/>\n<script type=\"application\/ld+json\" class=\"yoast-schema-graph\">{\"@context\":\"https:\/\/schema.org\",\"@graph\":[{\"@type\":\"WebPage\",\"@id\":\"https:\/\/riseofthewhitesun.com\/index.php\/bibliography\/\",\"url\":\"https:\/\/riseofthewhitesun.com\/index.php\/bibliography\/\",\"name\":\"Bibliography - Rise of the White Sun\",\"isPartOf\":{\"@id\":\"https:\/\/riseofthewhitesun.com\/#website\"},\"datePublished\":\"2021-11-12T11:52:04+00:00\",\"dateModified\":\"2021-11-12T16:17:32+00:00\",\"description\":\"Bibliography of the Northern Expedition, Warlords China, KMT and Communist Revolutions.\",\"breadcrumb\":{\"@id\":\"https:\/\/riseofthewhitesun.com\/index.php\/bibliography\/#breadcrumb\"},\"inLanguage\":\"fr-FR\",\"potentialAction\":[{\"@type\":\"ReadAction\",\"target\":[\"https:\/\/riseofthewhitesun.com\/index.php\/bibliography\/\"]}]},{\"@type\":\"BreadcrumbList\",\"@id\":\"https:\/\/riseofthewhitesun.com\/index.php\/bibliography\/#breadcrumb\",\"itemListElement\":[{\"@type\":\"ListItem\",\"position\":1,\"name\":\"Accueil\",\"item\":\"https:\/\/riseofthewhitesun.com\/\"},{\"@type\":\"ListItem\",\"position\":2,\"name\":\"Bibliography\"}]},{\"@type\":\"WebSite\",\"@id\":\"https:\/\/riseofthewhitesun.com\/#website\",\"url\":\"https:\/\/riseofthewhitesun.com\/\",\"name\":\"Rise of the White Sun\",\"description\":\"A game of political intrigues in 1920 China\",\"publisher\":{\"@id\":\"https:\/\/riseofthewhitesun.com\/#\/schema\/person\/02df7d867d9197e6cac6a9979aea5cac\"},\"potentialAction\":[{\"@type\":\"SearchAction\",\"target\":{\"@type\":\"EntryPoint\",\"urlTemplate\":\"https:\/\/riseofthewhitesun.com\/?s={search_term_string}\"},\"query-input\":\"required name=search_term_string\"}],\"inLanguage\":\"fr-FR\"},{\"@type\":[\"Person\",\"Organization\"],\"@id\":\"https:\/\/riseofthewhitesun.com\/#\/schema\/person\/02df7d867d9197e6cac6a9979aea5cac\",\"name\":\"Maestro Cinetik\",\"image\":{\"@type\":\"ImageObject\",\"inLanguage\":\"fr-FR\",\"@id\":\"https:\/\/riseofthewhitesun.com\/#\/schema\/person\/image\/\",\"url\":\"https:\/\/secure.gravatar.com\/avatar\/bd2405cb2a46e67adf89e59fe1b76da7?s=96&d=mm&r=g\",\"contentUrl\":\"https:\/\/secure.gravatar.com\/avatar\/bd2405cb2a46e67adf89e59fe1b76da7?s=96&d=mm&r=g\",\"caption\":\"Maestro Cinetik\"},\"logo\":{\"@id\":\"https:\/\/riseofthewhitesun.com\/#\/schema\/person\/image\/\"}}]}<\/script>\n<!-- \/ Yoast SEO plugin. -->","yoast_head_json":{"title":"Bibliography - Rise of the White Sun","description":"Bibliography of the Northern Expedition, Warlords China, KMT and Communist Revolutions.","robots":{"index":"index","follow":"follow","max-snippet":"max-snippet:-1","max-image-preview":"max-image-preview:large","max-video-preview":"max-video-preview:-1"},"canonical":"https:\/\/riseofthewhitesun.com\/index.php\/bibliography\/","og_locale":"fr_FR","og_type":"article","og_title":"Bibliography - Rise of the White Sun","og_description":"Bibliography of the Northern Expedition, Warlords China, KMT and Communist Revolutions.","og_url":"https:\/\/riseofthewhitesun.com\/index.php\/bibliography\/","og_site_name":"Rise of the White Sun","article_modified_time":"2021-11-12T16:17:32+00:00","og_image":[{"width":1918,"height":834,"url":"https:\/\/riseofthewhitesun.com\/wp-content\/uploads\/2019\/12\/start-menu-Copie.png","type":"image\/png"}],"twitter_card":"summary_large_image","twitter_misc":{"Dur\u00e9e de lecture estim\u00e9e":"3 minutes"},"schema":{"@context":"https:\/\/schema.org","@graph":[{"@type":"WebPage","@id":"https:\/\/riseofthewhitesun.com\/index.php\/bibliography\/","url":"https:\/\/riseofthewhitesun.com\/index.php\/bibliography\/","name":"Bibliography - Rise of the White Sun","isPartOf":{"@id":"https:\/\/riseofthewhitesun.com\/#website"},"datePublished":"2021-11-12T11:52:04+00:00","dateModified":"2021-11-12T16:17:32+00:00","description":"Bibliography of the Northern Expedition, Warlords China, KMT and Communist Revolutions.","breadcrumb":{"@id":"https:\/\/riseofthewhitesun.com\/index.php\/bibliography\/#breadcrumb"},"inLanguage":"fr-FR","potentialAction":[{"@type":"ReadAction","target":["https:\/\/riseofthewhitesun.com\/index.php\/bibliography\/"]}]},{"@type":"BreadcrumbList","@id":"https:\/\/riseofthewhitesun.com\/index.php\/bibliography\/#breadcrumb","itemListElement":[{"@type":"ListItem","position":1,"name":"Accueil","item":"https:\/\/riseofthewhitesun.com\/"},{"@type":"ListItem","position":2,"name":"Bibliography"}]},{"@type":"WebSite","@id":"https:\/\/riseofthewhitesun.com\/#website","url":"https:\/\/riseofthewhitesun.com\/","name":"Rise of the White Sun","description":"A game of political intrigues in 1920 China","publisher":{"@id":"https:\/\/riseofthewhitesun.com\/#\/schema\/person\/02df7d867d9197e6cac6a9979aea5cac"},"potentialAction":[{"@type":"SearchAction","target":{"@type":"EntryPoint","urlTemplate":"https:\/\/riseofthewhitesun.com\/?s={search_term_string}"},"query-input":"required name=search_term_string"}],"inLanguage":"fr-FR"},{"@type":["Person","Organization"],"@id":"https:\/\/riseofthewhitesun.com\/#\/schema\/person\/02df7d867d9197e6cac6a9979aea5cac","name":"Maestro Cinetik","image":{"@type":"ImageObject","inLanguage":"fr-FR","@id":"https:\/\/riseofthewhitesun.com\/#\/schema\/person\/image\/","url":"https:\/\/secure.gravatar.com\/avatar\/bd2405cb2a46e67adf89e59fe1b76da7?s=96&d=mm&r=g","contentUrl":"https:\/\/secure.gravatar.com\/avatar\/bd2405cb2a46e67adf89e59fe1b76da7?s=96&d=mm&r=g","caption":"Maestro Cinetik"},"logo":{"@id":"https:\/\/riseofthewhitesun.com\/#\/schema\/person\/image\/"}}]}},"_links":{"self":[{"href":"https:\/\/riseofthewhitesun.com\/index.php\/wp-json\/wp\/v2\/pages\/693"}],"collection":[{"href":"https:\/\/riseofthewhitesun.com\/index.php\/wp-json\/wp\/v2\/pages"}],"about":[{"href":"https:\/\/riseofthewhitesun.com\/index.php\/wp-json\/wp\/v2\/types\/page"}],"author":[{"embeddable":true,"href":"https:\/\/riseofthewhitesun.com\/index.php\/wp-json\/wp\/v2\/users\/1"}],"replies":[{"embeddable":true,"href":"https:\/\/riseofthewhitesun.com\/index.php\/wp-json\/wp\/v2\/comments?post=693"}],"version-history":[{"count":7,"href":"https:\/\/riseofthewhitesun.com\/index.php\/wp-json\/wp\/v2\/pages\/693\/revisions"}],"predecessor-version":[{"id":732,"href":"https:\/\/riseofthewhitesun.com\/index.php\/wp-json\/wp\/v2\/pages\/693\/revisions\/732"}],"wp:featuredmedia":[{"embeddable":true,"href":"https:\/\/riseofthewhitesun.com\/index.php\/wp-json\/wp\/v2\/media\/159"}],"wp:attachment":[{"href":"https:\/\/riseofthewhitesun.com\/index.php\/wp-json\/wp\/v2\/media?parent=693"}],"curies":[{"name":"wp","href":"https:\/\/api.w.org\/{rel}","templated":true}]}}